{"id":1483,"date":"2022-09-20T15:19:52","date_gmt":"2022-09-20T15:19:52","guid":{"rendered":"https:\/\/indexb.io\/politica-de-privacidad-y-cookies\/"},"modified":"2023-09-21T11:22:07","modified_gmt":"2023-09-21T11:22:07","slug":"politica-de-privacidad-y-cookies","status":"publish","type":"page","link":"https:\/\/indexb.io\/es\/politica-de-privacidad-y-cookies\/","title":{"rendered":"Pol\u00edtica de privacidad y cookies"},"content":{"rendered":"<div class=\"fusion-fullwidth fullwidth-box fusion-builder-row-1 fusion-flex-container nonhundred-percent-fullwidth non-hundred-percent-height-scrolling\" style=\"--awb-border-radius-top-left:0px;--awb-border-radius-top-right:0px;--awb-border-radius-bottom-right:0px;--awb-border-radius-bottom-left:0px;--awb-flex-wrap:wrap;\" ><div class=\"fusion-builder-row fusion-row fusion-flex-align-items-flex-start fusion-flex-content-wrap\" style=\"max-width:1996.8px;margin-left: calc(-4% \/ 2 );margin-right: calc(-4% \/ 2 );\"><div class=\"fusion-layout-column fusion_builder_column fusion-builder-column-0 fusion_builder_column_1_1 1_1 fusion-flex-column\" style=\"--awb-bg-size:cover;--awb-width-large:100%;--awb-margin-top-large:0px;--awb-spacing-right-large:1.92%;--awb-margin-bottom-large:0px;--awb-spacing-left-large:1.92%;--awb-width-medium:100%;--awb-spacing-right-medium:1.92%;--awb-spacing-left-medium:1.92%;--awb-width-small:100%;--awb-spacing-right-small:1.92%;--awb-spacing-left-small:1.92%;\"><div class=\"fusion-column-wrapper fusion-flex-justify-content-flex-start fusion-content-layout-column\"><div class=\"fusion-text fusion-text-1\"><p>\n&#13;<\/p>\n<h3 class=\"wp-block-heading\">A. <strong>Introducci\u00f3n<\/strong><\/h3>\n<p>&#13;<\/p>\n<p>&#13;<\/p>\n<p>La direcci\u00f3n de nuestro sitio web es: https:\/\/indexb.io<\/p>\n<p>&#13;<\/p>\n<p>&#13;<\/p>\n<p><strong>1.<\/strong> La privacidad de nuestros visitantes es muy importante y nos comprometemos a salvaguardarla. Esta Pol\u00edtica explica c\u00f3mo pretendemos disponer de su informaci\u00f3n personal.<\/p>\n<p>&#13;<\/p>\n<p>&#13;<\/p>\n<p> <strong>2.<\/strong> Al consentir el uso de cookies la primera vez que acceda al sitio, tal como se establece en los t\u00e9rminos de la Pol\u00edtica de Privacidad, este consentimiento tambi\u00e9n se aplicar\u00e1 a todos los accesos posteriores.<\/p>\n<p>&#13;<\/p>\n<p>&#13;<\/p>\n<h3 class=\"wp-block-heading\">B. <strong>C\u00f3mo recopilamos sus datos personales<\/strong> <\/h3>\n<p>&#13;<\/p>\n<p>&#13;<\/p>\n<p>Podemos recopilar, almacenar y eliminar la siguiente informaci\u00f3n personal:<\/p>\n<p>&#13;<\/p>\n<p>&#13;<\/p>\n<p><strong>1.<\/strong> Informaci\u00f3n sobre su ordenador, incluida su direcci\u00f3n IP, origen geogr\u00e1fico, tipo y versi\u00f3n de navegador y sistema operativo.<\/p>\n<p>&#13;<\/p>\n<p>&#13;<\/p>\n<p><strong>2.<\/strong> Informaci\u00f3n sobre sus visitas al sitio, incluida la duraci\u00f3n de la navegaci\u00f3n, las p\u00e1ginas visitadas y la ruta de navegaci\u00f3n.  <\/p>\n<p>&#13;<\/p>\n<p>&#13;<\/p>\n<p><strong>3.<\/strong> Informaci\u00f3n que se deja en el momento del registro, como la direcci\u00f3n de correo electr\u00f3nico.<\/p>\n<p>&#13;<\/p>\n<p>&#13;<\/p>\n<p><strong>4. <\/strong>Informaci\u00f3n que se facilita al crear el perfil en el sitio, por ejemplo: nombre, foto de perfil, sexo, fecha de nacimiento, relaciones, intereses, aficiones, educaci\u00f3n, experiencia laboral.<\/p>\n<p>&#13;<\/p>\n<p>&#13;<\/p>\n<p><strong>5.<\/strong> Informaci\u00f3n facilitada al suscribirse al bolet\u00edn.  <\/p>\n<p>&#13;<\/p>\n<p>&#13;<\/p>\n<p><strong>6.<\/strong> Informaci\u00f3n relacionada con las compras realizadas, los servicios utilizados o las transacciones efectuadas en nuestro sitio, incluidos el nombre, la direcci\u00f3n, el n\u00famero de tel\u00e9fono, la direcci\u00f3n de correo electr\u00f3nico y los datos de la tarjeta de cr\u00e9dito.<\/p>\n<p>&#13;<\/p>\n<p>&#13;<\/p>\n<p><strong>7.<\/strong> Informaci\u00f3n publicada en nuestro sitio con la intenci\u00f3n de publicarla en Internet.<\/p>\n<p>&#13;<\/p>\n<p>&#13;<\/p>\n<p><strong>8.<\/strong> Cualquier otra informaci\u00f3n que se nos env\u00ede espec\u00edficamente.<\/p>\n<p>&#13;<\/p>\n<p>&#13;<\/p>\n<h3 class=\"wp-block-heading\">C. <strong>Modalidades de tratamiento <\/strong> <\/h3>\n<p>&#13;<\/p>\n<p>&#13;<\/p>\n<p>Los datos recogidos a trav\u00e9s del sitio web se procesan con los siguientes fines:<\/p>\n<p>&#13;<\/p>\n<p>&#13;<\/p>\n<p><strong>1.<\/strong> Administrar el sitio;<\/p>\n<p>&#13;<\/p>\n<p>&#13;<\/p>\n<p><strong>2.<\/strong> Personalice nuestro sitio seg\u00fan sus necesidades.<\/p>\n<p>&#13;<\/p>\n<p>&#13;<\/p>\n<p><strong>3.<\/strong> Uso de los servicios disponibles en nuestro sitio.<\/p>\n<p>&#13;<\/p>\n<p>&#13;<\/p>\n<p><strong>4.<\/strong> Env\u00edo de bienes adquiridos a trav\u00e9s de nuestro sitio.<\/p>\n<p>&#13;<\/p>\n<p>&#13;<\/p>\n<p><strong>5.<\/strong> 5. Prestaci\u00f3n de servicios adquiridos a trav\u00e9s de nuestro sitio web.<\/p>\n<p>&#13;<\/p>\n<p>&#13;<\/p>\n<p><strong>6. <\/strong>Env\u00edo de declaraciones, facturas y avisos de pago y cobro de los pagos.  <\/p>\n<p>&#13;<\/p>\n<p>&#13;<\/p>\n<p><strong>7.<\/strong> Env\u00edo de comunicaciones comerciales.<\/p>\n<p>&#13;<\/p>\n<p>&#13;<\/p>\n<p><strong>8.<\/strong> Env\u00edo de notificaci\u00f3n por correo electr\u00f3nico de lo solicitado.  <\/p>\n<p>&#13;<\/p>\n<p>&#13;<\/p>\n<p><strong>9.<\/strong> Env\u00edo del bolet\u00edn con consentimiento previo.<\/p>\n<p>&#13;<\/p>\n<p>&#13;<\/p>\n<p><strong>10.<\/strong> Enviarle comunicaciones comerciales sobre nuestra empresa o sobre terceros si creemos que pueden interesarle.<\/p>\n<p>&#13;<\/p>\n<p>&#13;<\/p>\n<p><strong>11.<\/strong> Env\u00edo de informaci\u00f3n estad\u00edstica sobre nuestros usuarios a terceros.<\/p>\n<p>&#13;<\/p>\n<p>&#13;<\/p>\n<p>12. Respuesta a solicitudes o reclamaciones en nuestro sitio web.<\/p>\n<p>&#13;<\/p>\n<p>&#13;<\/p>\n<p><strong>13.<\/strong> 13. Garantizar la seguridad del sitio y prevenir el fraude.<\/p>\n<p>&#13;<\/p>\n<p>&#13;<\/p>\n<p><strong>14.<\/strong> 14. Comprobar la correspondencia con los t\u00e9rminos y condiciones de uso de nuestro sitio.<\/p>\n<p>&#13;<\/p>\n<p>&#13;<\/p>\n<p><strong>15.<\/strong> Otros usos.<\/p>\n<p>&#13;<\/p>\n<p>&#13;<\/p>\n<p>Si se suscribe informaci\u00f3n personal con el fin de publicarla en nuestro sitio, se publicar\u00e1 y la utilizaremos para cualquier otro uso previsto en la Pol\u00edtica de privacidad.<\/p>\n<p>&#13;<\/p>\n<p>&#13;<\/p>\n<p>La configuraci\u00f3n de privacidad se puede utilizar para restringir la publicaci\u00f3n de su informaci\u00f3n en nuestro sitio y se puede ajustar de acuerdo con los controles de privacidad.<\/p>\n<p>&#13;<\/p>\n<p>&#13;<\/p>\n<p>Sin su consentimiento expl\u00edcito, no podemos facilitar sus datos personales a nadie con fines comerciales.<\/p>\n<p>&#13;<\/p>\n<p>&#13;<\/p>\n<h3 class=\"wp-block-heading\">D. <strong>Difusi\u00f3n de la informaci\u00f3n <\/strong> <\/h3>\n<p>&#13;<\/p>\n<p>&#13;<\/p>\n<p>Podemos revelar su informaci\u00f3n personal a cualquiera de nuestros empleados, agentes de seguros, asesores, agentes, proveedores, subcontratistas, con el fin de aplicar los principios y objetivos de privacidad establecidos en nuestra pol\u00edtica.<\/p>\n<p>&#13;<\/p>\n<p>&#13;<\/p>\n<p>Podemos disponer de su informaci\u00f3n personal con cualquier representante de empresas del grupo (filiales, sociedades de cartera y sus filiales), siempre en cumplimiento de los objetivos establecidos en esta Pol\u00edtica.<\/p>\n<p>&#13;<\/p>\n<p>&#13;<\/p>\n<p>Los datos personales del usuario tambi\u00e9n pueden divulgarse :<\/p>\n<p>&#13;<\/p>\n<p>&#13;<\/p>\n<p><strong>1.<\/strong> tal como exige la legislaci\u00f3n aplicable;<\/p>\n<p>&#13;<\/p>\n<p>&#13;<\/p>\n<p><strong>  2.<\/strong>  en el marco de procedimientos judiciales en curso o previstos;<\/p>\n<p>&#13;<\/p>\n<p>&#13;<\/p>\n<p><strong>3<\/strong>. con el fin de hacer valer, ejercer o proteger nuestros derechos legales (incluida la divulgaci\u00f3n de datos a terceros con el fin de prevenir el fraude y reducir el riesgo de cr\u00e9dito) al comprador (o posible comprador) de activos o propiedades que estemos a punto de vender (o que estemos considerando vender);<\/p>\n<p>&#13;<\/p>\n<p>&#13;<\/p>\n<p><strong>4<\/strong>. a personas que consideremos razonablemente que pueden solicitar a tribunales u otras autoridades competentes la divulgaci\u00f3n de datos personales en caso de que, en nuestra opini\u00f3n, dicho tribunal o autoridad deba razonablemente ordenar la divulgaci\u00f3n de dichos datos personales.<\/p>\n<p>&#13;<\/p>\n<p>&#13;<\/p>\n<p>Salvo que se indique expresamente en nuestra Pol\u00edtica, no facilitaremos sus datos personales a terceros.<\/p>\n<p>&#13;<\/p>\n<p>&#13;<\/p>\n<h3 class=\"wp-block-heading\">E. <strong>Transferencias internacionales de datos<\/strong><\/h3>\n<p>&#13;<\/p>\n<p>&#13;<\/p>\n<p><strong>1.<\/strong> La informaci\u00f3n que recogemos puede ser almacenada y procesada en los pa\u00edses en los que operamos y transferida entre ellos para permitirnos utilizar la informaci\u00f3n de acuerdo con esta pol\u00edtica de privacidad.<\/p>\n<p>&#13;<\/p>\n<p>&#13;<\/p>\n<p><strong>2.<\/strong> La informaci\u00f3n recogida podr\u00e1 transferirse a los siguientes pa\u00edses, que no tienen leyes de protecci\u00f3n de datos equivalentes a las reconocidas por la Uni\u00f3n Europea: Estados Unidos de Am\u00e9rica, Rusia, Jap\u00f3n, China e India.<\/p>\n<p>&#13;<\/p>\n<p>&#13;<\/p>\n<p><strong>3.<\/strong> La informaci\u00f3n personal que publique en nuestro sitio o que suscriba con fines de publicaci\u00f3n estar\u00e1 disponible en todo el mundo. No nos hacemos responsables del uso que otros hagan de dicha informaci\u00f3n.<\/p>\n<p>&#13;<\/p>\n<p>&#13;<\/p>\n<p><strong>4.<\/strong> Usted consiente expresamente la transferencia de su informaci\u00f3n personal tal como se describe en esta Secci\u00f3n E.<\/p>\n<p>&#13;<\/p>\n<p>&#13;<\/p>\n<h3 class=\"wp-block-heading\">F. <strong>Conservaci\u00f3n de datos personales<\/strong><\/h3>\n<p>&#13;<\/p>\n<p>&#13;<\/p>\n<p><strong>1.<\/strong> Esta secci\u00f3n establece las normas y procedimientos sobre el almacenamiento de sus datos, con el fin de garantizar el cumplimiento de las obligaciones legales sobre almacenamiento y supresi\u00f3n de datos personales.<\/p>\n<p>&#13;<\/p>\n<p>&#13;<\/p>\n<p><strong>2.<\/strong> La informaci\u00f3n personal recopilada para cualquier fin no podr\u00e1 conservarse m\u00e1s tiempo del necesario para alcanzar el fin perseguido.<\/p>\n<p>&#13;<\/p>\n<p>&#13;<\/p>\n<p><strong>3.<\/strong> Al final del periodo de conservaci\u00f3n, se suprimir\u00e1n los datos personales.  <\/p>\n<p>&#13;<\/p>\n<p>&#13;<\/p>\n<p><strong>4. <\/strong>Sin perjuicio de los dem\u00e1s casos previstos en la secci\u00f3n G, conservaremos los documentos (incluidos los documentos electr\u00f3nicos) que contengan informaci\u00f3n personal: a. cuando as\u00ed lo disponga la ley; b. si consideramos que pueden ser relevantes para futuros procedimientos judiciales; y c. ejercer y defender nuestros derechos legales (incluida la divulgaci\u00f3n de informaci\u00f3n a terceros con el fin de prevenir el fraude y reducir el riesgo de cr\u00e9dito).<\/p>\n<p>&#13;<\/p>\n<p>&#13;<\/p>\n<h3 class=\"wp-block-heading\">G. <strong>Seguridad de su informaci\u00f3n personal<\/strong><\/h3>\n<p>&#13;<\/p>\n<p>&#13;<\/p>\n<p><strong>1.<\/strong> Tomaremos precauciones t\u00e9cnicas y organizativas para evitar la p\u00e9rdida, el uso indebido y la alteraci\u00f3n de sus datos personales.<\/p>\n<p>&#13;<\/p>\n<p>&#13;<\/p>\n<p><strong>2.<\/strong> Almacenaremos toda su informaci\u00f3n en servidores seguros (protegidos por contrase\u00f1a y cortafuegos).<\/p>\n<p>&#13;<\/p>\n<p>&#13;<\/p>\n<p><strong>3.<\/strong> Todas las transacciones financieras en nuestro sitio estar\u00e1n protegidas mediante sistemas encriptados.<\/p>\n<p>&#13;<\/p>\n<p>&#13;<\/p>\n<p><strong>4. <\/strong>Usted reconoce que la transmisi\u00f3n de informaci\u00f3n a trav\u00e9s de Internet es intr\u00ednsecamente insegura y que no podemos garantizar la seguridad de los datos enviados a trav\u00e9s de Internet.<\/p>\n<p>&#13;<\/p>\n<p>&#13;<\/p>\n<p><strong>5.<\/strong> Usted es responsable de la contrase\u00f1a para acceder a la secci\u00f3n restringida del sitio.<\/p>\n<p>&#13;<\/p>\n<p>&#13;<\/p>\n<h3 class=\"wp-block-heading\">H. <strong>Cambios<\/strong><\/h3>\n<p>&#13;<\/p>\n<p>&#13;<\/p>\n<p>Actualizamos peri\u00f3dicamente nuestra Pol\u00edtica de Privacidad publicando la nueva versi\u00f3n en nuestro sitio web. Debe consultar la p\u00e1gina de Pol\u00edtica de privacidad para asegurarse de que comprende los cambios. No se le notificar\u00e1n los cambios por correo electr\u00f3nico ni a trav\u00e9s de un mensaje privado.<\/p>\n<p>&#13;<\/p>\n<p>&#13;<\/p>\n<h3 class=\"wp-block-heading\">I. <strong>Derechos de los interesados<\/strong><\/h3>\n<p>&#13;<\/p>\n<p>&#13;<\/p>\n<p>Usted tiene derecho a obtener en cualquier momento confirmaci\u00f3n sobre si se est\u00e1n tratando o no datos que le conciernen, a solicitar el acceso a sus datos personales y a verificar su exactitud. A tal efecto, puede exig\u00edrsele una prueba de su identidad (basta con una fotocopia de su pasaporte validada ante notario y el original de una de sus facturas de servicios p\u00fablicos que demuestre su residencia).<\/p>\n<p>&#13;<\/p>\n<p>&#13;<\/p>\n<p>La informaci\u00f3n personal puede conservarse para usos permitidos por la ley.<\/p>\n<p>&#13;<\/p>\n<p>&#13;<\/p>\n<p>En cualquier momento, puede solicitar que se deje de facilitar su informaci\u00f3n personal con fines comerciales.<\/p>\n<p>&#13;<\/p>\n<p>&#13;<\/p>\n<p>Por regla general, usted podr\u00e1 elegir de antemano si consiente el uso de su informaci\u00f3n personal con fines comerciales, o si opta por no hacerlo.<\/p>\n<p>&#13;<\/p>\n<p>&#13;<\/p>\n<h3 class=\"wp-block-heading\">J. <strong>Terceros sitios<\/strong><\/h3>\n<p>&#13;<\/p>\n<p>&#13;<\/p>\n<p>Nuestro sitio incluye enlaces a sitios de terceros. No somos responsables de las pol\u00edticas de privacidad de terceros.<\/p>\n<p>&#13;<\/p>\n<p>&#13;<\/p>\n<h3 class=\"wp-block-heading\">K. <strong> Actualizaci\u00f3n de datos<\/strong><\/h3>\n<p>&#13;<\/p>\n<p>&#13;<\/p>\n<p>Le rogamos que nos informe si la informaci\u00f3n que obra en nuestro poder necesita ser actualizada o corregida.<\/p>\n<p>&#13;<\/p>\n<p>&#13;<\/p>\n<h3 class=\"wp-block-heading\">L. Galletas<\/h3>\n<p>&#13;<\/p>\n<p>&#13;<\/p>\n<p>Nuestro sitio utiliza cookies. Las cookies son peque\u00f1as cadenas de texto que los sitios visitados por el usuario env\u00edan al terminal del usuario (normalmente al navegador), donde se almacenan y luego se retransmiten a los mismos sitios la pr\u00f3xima vez que los visite el mismo usuario. Las cookies pueden ser &#8220;persistentes&#8221; o &#8220;de sesi\u00f3n&#8221;: las cookies persistentes se almacenan en el navegador y siguen siendo v\u00e1lidas hasta una fecha determinada o hasta que el usuario las borra. Las cookies de sesi\u00f3n se almacenan durante la sesi\u00f3n actual del navegador y se eliminan autom\u00e1ticamente cuando se cierra el navegador. Por lo general, las cookies no contienen informaci\u00f3n que identifique personalmente a un usuario, pero la informaci\u00f3n personal que almacenamos sobre usted puede estar vinculada a la informaci\u00f3n almacenada y obtenida por las cookies. Este sitio utiliza tanto &#8220;cookies de sesi\u00f3n&#8221; como &#8220;cookies persistentes&#8221;.<\/p>\n<p>&#13;<\/p>\n<p>&#13;<\/p>\n<p><strong>1.<\/strong> Los tipos de cookies que utilizamos en nuestro sitio web y los fines para los que las utilizamos son los siguientes:<\/p>\n<p>&#13;<\/p>\n<ul class=\"wp-block-list\">&#13;<\/p>\n<li>utilizamos Google Analytics y Adwords para reconocer un ordenador cuando un usuario visita nuestro sitio web<\/li>\n<p>&#13;<\/p>\n<p>&#13;<\/p>\n<li>seguimiento de usuarios<\/li>\n<p>&#13;<\/p>\n<p>&#13;<\/p>\n<li>permitir el uso de un &#8220;carrito de la compra<\/li>\n<p>&#13;<\/p>\n<p>&#13;<\/p>\n<li>mejorar la usabilidad del sitio<\/li>\n<p>&#13;<\/p>\n<p>&#13;<\/p>\n<li>analizar la navegaci\u00f3n<\/li>\n<p>&#13;<\/p>\n<p>&#13;<\/p>\n<li>administrar el sitio<\/li>\n<p>&#13;<\/p>\n<p>&#13;<\/p>\n<li>prevenci\u00f3n del fraude<\/li>\n<p>&#13;<\/p>\n<p>&#13;<\/p>\n<li>mejorar la seguridad<\/li>\n<p>&#13;<\/p>\n<p>&#13;<\/p>\n<li>personalizar el sitio para cada usuario<\/li>\n<p>&#13;<\/p>\n<p>&#13;<\/p>\n<li>diversificar la publicidad en funci\u00f3n de los distintos usuarios.<\/li>\n<p>&#13;\n<\/ul>\n<p>&#13;<\/p>\n<p><strong>2. <\/strong>Muchos navegadores no aceptan cookies, por ejemplo:<\/p>\n<p>&#13;<\/p>\n<p>&#13;<\/p>\n<p>a. En Internet Explorer (versi\u00f3n 10), las cookies pueden bloquearse haciendo clic en &#8220;Herramientas&#8221;, &#8220;Opciones de Internet&#8221;, &#8220;Privacidad&#8221; y &#8220;Avanzado&#8221; en la configuraci\u00f3n.<\/p>\n<p>&#13;<\/p>\n<p>&#13;<\/p>\n<p>b. En Firefox (versi\u00f3n 24), las cookies pueden bloquearse haciendo clic en &#8220;Herramientas&#8221;, &#8220;Opciones&#8221;, &#8220;Privacidad&#8221; y seleccionando &#8220;Configuraci\u00f3n personalizada para el historial&#8221; en el men\u00fa desplegable y haciendo clic en &#8220;Aceptar cookies de sitios&#8221;.<\/p>\n<p>&#13;<\/p>\n<p>&#13;<\/p>\n<p>c. En Chrome (versi\u00f3n 29), las cookies pueden bloquearse accediendo al men\u00fa &#8220;Personalizar y controlar&#8221;, haciendo clic en &#8220;Configuraci\u00f3n&#8221;, &#8220;Mostrar configuraci\u00f3n avanzada&#8221;, &#8220;Configuraci\u00f3n de contenido&#8221; y, a continuaci\u00f3n, seleccionando &#8220;Impedir que los sitios establezcan datos&#8221; en la barra &#8220;Cookies&#8221;.<\/p>\n<p>&#13;<\/p>\n<p>&#13;<\/p>\n<p>El bloqueo de las cookies repercutir\u00e1 negativamente en la navegaci\u00f3n por muchos sitios, ya que si se bloquean las cookies, el usuario no podr\u00e1 utilizar todas las funciones del sitio.<\/p>\n<p>&#13;<\/p>\n<p>&#13;<\/p>\n<p><strong>3. <\/strong>Puede eliminar las cookies ya almacenadas en su ordenador. Por ejemplo:<\/p>\n<p>&#13;<\/p>\n<p>&#13;<\/p>\n<p>a. en Internet Explorer (versi\u00f3n 10) puede eliminar los archivos manualmente (encontrar\u00e1 las instrucciones en http:\/\/support.microsoft.com\/kb\/278835 ).<\/p>\n<p>&#13;<\/p>\n<p>&#13;<\/p>\n<p>b. En Firefox (versi\u00f3n 24) es posible eliminar las cookies haciendo clic en &#8220;Herramientas&#8221;, &#8220;Opciones&#8221; y &#8220;Privacidad&#8221;, seleccionando &#8220;Configuraci\u00f3n personalizada del historial&#8221;, luego haciendo clic en &#8220;Mostrar cookies&#8221; y, por \u00faltimo, en &#8220;Eliminar todas las cookies&#8221;;<\/p>\n<p>&#13;<\/p>\n<p>&#13;<\/p>\n<p>c. En Chrome (versi\u00f3n 29), es posible eliminar todas las cookies accediendo al men\u00fa &#8220;Personalizar y controlar&#8221;, haciendo clic en &#8220;Configuraci\u00f3n&#8221;, &#8220;Mostrar configuraci\u00f3n avanzada&#8221;, &#8220;Eliminar datos de navegaci\u00f3n&#8221; y, a continuaci\u00f3n, seleccionando &#8220;Eliminar cookies y otros datos de sitios y complementos&#8221;, antes de hacer clic en &#8220;Eliminar datos de navegaci\u00f3n&#8221;.<\/p>\n<p>&#13;<\/p>\n<p>&#13;<\/p>\n<p><strong>4.<\/strong> La eliminaci\u00f3n de cookies tendr\u00e1 un impacto negativo en la navegaci\u00f3n en muchos sitios.<\/p>\n<p>&#13;<\/p>\n<\/div><\/div><\/div><\/div><\/div>\n","protected":false},"excerpt":{"rendered":"","protected":false},"author":1,"featured_media":0,"parent":0,"menu_order":0,"comment_status":"closed","ping_status":"open","template":"","meta":{"inline_featured_image":false,"footnotes":""},"class_list":["post-1483","page","type-page","status-publish","hentry"],"yoast_head":"<!-- This site is optimized with the Yoast SEO plugin v21.2 - https:\/\/yoast.com\/wordpress\/plugins\/seo\/ -->\n<title>Pol\u00edtica de privacidad y cookies - INDEX B<\/title>\n<meta name=\"robots\" content=\"index, follow, max-snippet:-1, max-image-preview:large, max-video-preview:-1\" \/>\n<link rel=\"canonical\" href=\"https:\/\/indexb.io\/es\/politica-de-privacidad-y-cookies\/\" \/>\n<meta property=\"og:locale\" content=\"es_ES\" \/>\n<meta property=\"og:type\" content=\"article\" \/>\n<meta property=\"og:title\" content=\"Pol\u00edtica de privacidad y cookies - INDEX B\" \/>\n<meta property=\"og:url\" content=\"https:\/\/indexb.io\/es\/politica-de-privacidad-y-cookies\/\" \/>\n<meta property=\"og:site_name\" content=\"INDEX B\" \/>\n<meta property=\"article:publisher\" content=\"https:\/\/www.facebook.com\/BcademyIT\/\" \/>\n<meta property=\"article:modified_time\" content=\"2023-09-21T11:22:07+00:00\" \/>\n<meta name=\"twitter:card\" content=\"summary_large_image\" \/>\n<meta name=\"twitter:site\" content=\"@bcademyit\" \/>\n<meta name=\"twitter:label1\" content=\"Tiempo de lectura\" \/>\n\t<meta name=\"twitter:data1\" content=\"11 minutes\" \/>\n<script type=\"application\/ld+json\" class=\"yoast-schema-graph\">{\"@context\":\"https:\/\/schema.org\",\"@graph\":[{\"@type\":\"WebPage\",\"@id\":\"https:\/\/indexb.io\/es\/politica-de-privacidad-y-cookies\/\",\"url\":\"https:\/\/indexb.io\/es\/politica-de-privacidad-y-cookies\/\",\"name\":\"Pol\u00edtica de privacidad y cookies - INDEX B\",\"isPartOf\":{\"@id\":\"https:\/\/indexb.io\/es\/#website\"},\"datePublished\":\"2022-09-20T15:19:52+00:00\",\"dateModified\":\"2023-09-21T11:22:07+00:00\",\"breadcrumb\":{\"@id\":\"https:\/\/indexb.io\/es\/politica-de-privacidad-y-cookies\/#breadcrumb\"},\"inLanguage\":\"es-ES\",\"potentialAction\":[{\"@type\":\"ReadAction\",\"target\":[\"https:\/\/indexb.io\/es\/politica-de-privacidad-y-cookies\/\"]}]},{\"@type\":\"BreadcrumbList\",\"@id\":\"https:\/\/indexb.io\/es\/politica-de-privacidad-y-cookies\/#breadcrumb\",\"itemListElement\":[{\"@type\":\"ListItem\",\"position\":1,\"name\":\"Home\",\"item\":\"https:\/\/indexb.io\/es\/\"},{\"@type\":\"ListItem\",\"position\":2,\"name\":\"Pol\u00edtica de privacidad y cookies\"}]},{\"@type\":\"WebSite\",\"@id\":\"https:\/\/indexb.io\/es\/#website\",\"url\":\"https:\/\/indexb.io\/es\/\",\"name\":\"INDEX B\",\"description\":\"\",\"publisher\":{\"@id\":\"https:\/\/indexb.io\/es\/#organization\"},\"potentialAction\":[{\"@type\":\"SearchAction\",\"target\":{\"@type\":\"EntryPoint\",\"urlTemplate\":\"https:\/\/indexb.io\/es\/?s={search_term_string}\"},\"query-input\":\"required name=search_term_string\"}],\"inLanguage\":\"es-ES\"},{\"@type\":\"Organization\",\"@id\":\"https:\/\/indexb.io\/es\/#organization\",\"name\":\"INDEX B\",\"url\":\"https:\/\/indexb.io\/es\/\",\"logo\":{\"@type\":\"ImageObject\",\"inLanguage\":\"es-ES\",\"@id\":\"https:\/\/indexb.io\/es\/#\/schema\/logo\/image\/\",\"url\":\"https:\/\/indexb.io\/wp-content\/uploads\/2023\/09\/IndexB_Consulting.jpg\",\"contentUrl\":\"https:\/\/indexb.io\/wp-content\/uploads\/2023\/09\/IndexB_Consulting.jpg\",\"width\":1273,\"height\":191,\"caption\":\"INDEX B\"},\"image\":{\"@id\":\"https:\/\/indexb.io\/es\/#\/schema\/logo\/image\/\"},\"sameAs\":[\"https:\/\/www.facebook.com\/BcademyIT\/\",\"https:\/\/twitter.com\/bcademyit\",\"https:\/\/www.linkedin.com\/company\/bcademy\"]}]}<\/script>\n<!-- \/ Yoast SEO plugin. -->","yoast_head_json":{"title":"Pol\u00edtica de privacidad y cookies - INDEX B","robots":{"index":"index","follow":"follow","max-snippet":"max-snippet:-1","max-image-preview":"max-image-preview:large","max-video-preview":"max-video-preview:-1"},"canonical":"https:\/\/indexb.io\/es\/politica-de-privacidad-y-cookies\/","og_locale":"es_ES","og_type":"article","og_title":"Pol\u00edtica de privacidad y cookies - INDEX B","og_url":"https:\/\/indexb.io\/es\/politica-de-privacidad-y-cookies\/","og_site_name":"INDEX B","article_publisher":"https:\/\/www.facebook.com\/BcademyIT\/","article_modified_time":"2023-09-21T11:22:07+00:00","twitter_card":"summary_large_image","twitter_site":"@bcademyit","twitter_misc":{"Tiempo de lectura":"11 minutes"},"schema":{"@context":"https:\/\/schema.org","@graph":[{"@type":"WebPage","@id":"https:\/\/indexb.io\/es\/politica-de-privacidad-y-cookies\/","url":"https:\/\/indexb.io\/es\/politica-de-privacidad-y-cookies\/","name":"Pol\u00edtica de privacidad y cookies - INDEX B","isPartOf":{"@id":"https:\/\/indexb.io\/es\/#website"},"datePublished":"2022-09-20T15:19:52+00:00","dateModified":"2023-09-21T11:22:07+00:00","breadcrumb":{"@id":"https:\/\/indexb.io\/es\/politica-de-privacidad-y-cookies\/#breadcrumb"},"inLanguage":"es-ES","potentialAction":[{"@type":"ReadAction","target":["https:\/\/indexb.io\/es\/politica-de-privacidad-y-cookies\/"]}]},{"@type":"BreadcrumbList","@id":"https:\/\/indexb.io\/es\/politica-de-privacidad-y-cookies\/#breadcrumb","itemListElement":[{"@type":"ListItem","position":1,"name":"Home","item":"https:\/\/indexb.io\/es\/"},{"@type":"ListItem","position":2,"name":"Pol\u00edtica de privacidad y cookies"}]},{"@type":"WebSite","@id":"https:\/\/indexb.io\/es\/#website","url":"https:\/\/indexb.io\/es\/","name":"INDEX B","description":"","publisher":{"@id":"https:\/\/indexb.io\/es\/#organization"},"potentialAction":[{"@type":"SearchAction","target":{"@type":"EntryPoint","urlTemplate":"https:\/\/indexb.io\/es\/?s={search_term_string}"},"query-input":"required name=search_term_string"}],"inLanguage":"es-ES"},{"@type":"Organization","@id":"https:\/\/indexb.io\/es\/#organization","name":"INDEX B","url":"https:\/\/indexb.io\/es\/","logo":{"@type":"ImageObject","inLanguage":"es-ES","@id":"https:\/\/indexb.io\/es\/#\/schema\/logo\/image\/","url":"https:\/\/indexb.io\/wp-content\/uploads\/2023\/09\/IndexB_Consulting.jpg","contentUrl":"https:\/\/indexb.io\/wp-content\/uploads\/2023\/09\/IndexB_Consulting.jpg","width":1273,"height":191,"caption":"INDEX B"},"image":{"@id":"https:\/\/indexb.io\/es\/#\/schema\/logo\/image\/"},"sameAs":["https:\/\/www.facebook.com\/BcademyIT\/","https:\/\/twitter.com\/bcademyit","https:\/\/www.linkedin.com\/company\/bcademy"]}]}},"_links":{"self":[{"href":"https:\/\/indexb.io\/es\/wp-json\/wp\/v2\/pages\/1483","targetHints":{"allow":["GET"]}}],"collection":[{"href":"https:\/\/indexb.io\/es\/wp-json\/wp\/v2\/pages"}],"about":[{"href":"https:\/\/indexb.io\/es\/wp-json\/wp\/v2\/types\/page"}],"author":[{"embeddable":true,"href":"https:\/\/indexb.io\/es\/wp-json\/wp\/v2\/users\/1"}],"replies":[{"embeddable":true,"href":"https:\/\/indexb.io\/es\/wp-json\/wp\/v2\/comments?post=1483"}],"version-history":[{"count":1,"href":"https:\/\/indexb.io\/es\/wp-json\/wp\/v2\/pages\/1483\/revisions"}],"predecessor-version":[{"id":1484,"href":"https:\/\/indexb.io\/es\/wp-json\/wp\/v2\/pages\/1483\/revisions\/1484"}],"wp:attachment":[{"href":"https:\/\/indexb.io\/es\/wp-json\/wp\/v2\/media?parent=1483"}],"curies":[{"name":"wp","href":"https:\/\/api.w.org\/{rel}","templated":true}]}}